{"id":406,"date":"2023-05-08T20:38:11","date_gmt":"2023-05-08T18:38:11","guid":{"rendered":"http:\/\/wycieczka.osobista.pl\/?page_id=406"},"modified":"2023-05-09T17:05:09","modified_gmt":"2023-05-09T15:05:09","slug":"sladami-znanych-lublinian-pl","status":"publish","type":"page","link":"http:\/\/wycieczka.osobista.pl\/index.php\/przewodnik-po-lublinie\/sladami-znanych-lublinian-pl\/","title":{"rendered":"#\u015aLADAMI ZNANYCH LUBLINIAN"},"content":{"rendered":"\n<div style=\"height:10px\" aria-hidden=\"true\" class=\"wp-block-spacer\"><\/div>\n\n\n\n<h2 class=\"wp-block-heading\">#\u015aLADAMI ZNANYCH LUBLINIAN<\/h2>\n\n\n\n<p class=\"has-medium-font-size\"><strong>August i Juliusz Vetterowie<\/strong><\/p>\n\n\n\n<p class=\"has-text-align-left\">Przy ulicy Bernardy\u0144skiej mie\u015bci si\u0119 charakterystyczny budynek. Jest to Zesp\u00f3\u0142 Szk\u00f3\u0142 im. Augusta i Juliusza&nbsp;Vetter\u00f3w. Budynek zosta\u0142 wybudowany w latach 1904-1906 w stylu neogotyckim. Pocz\u0105tkowo by\u0142a to siedziba Szko\u0142y Handlowej Zgromadzenia Kupc\u00f3w Miasta Lublina. Budowa zosta\u0142a sfinansowana przez miejscowych kupc\u00f3w oraz przemys\u0142owc\u00f3w, na czele z bra\u0107mi Augustem i Juliuszem&nbsp;Vetterami. W 1927 roku zgromadzenie uchwali\u0142o, aby szkole nada\u0107 imi\u0119 jej zas\u0142u\u017conych&nbsp;finansator\u00f3w. Na prze\u0142omie XIX i XX wieku rodzina&nbsp;Vetter\u00f3w&nbsp;mia\u0142a znacz\u0105ce wp\u0142ywy na rozw\u00f3j Lublina. Szczeg\u00f3lnie zas\u0142u\u017con\u0105 osob\u0105 z rodu&nbsp;Vetter\u00f3w&nbsp;By\u0142 Karol Rudolf&nbsp;Vetter, piwowar oraz przedsi\u0119biorca pochodz\u0105cy z Poznania. Wykupi\u0142 od miasta klasztor Reformator\u00f3w, w kt\u00f3rego miejscu uruchomiono destylarni\u0119, a tak\u017ce browar warz\u0105cy pierwsze w Polsce piwo typu bawarskiego. Karol by\u0142 tak\u017ce znany ze swojej dobroczynno\u015bci i pobo\u017cno\u015bci. Po jego \u015bmierci w prasie ukaza\u0142 si\u0119 nekrolog: \u201eZmar\u0142y mo\u017ce s\u0142u\u017cy\u0107 za godny na\u015bladowania wz\u00f3r pracy i wytrwa\u0142o\u015bci, przymiot\u00f3w nader rzadkich u nas. Doszed\u0142szy do znacznego maj\u0105tku, pozostawi\u0142 go krajowi i krajowcom dostarczy\u0142 pracy\u201d. Jego synowie mno\u017cyli jego maj\u0105tek oraz zwi\u0119kszali wp\u0142ywy w Lublinie. Rodzina&nbsp;Vetter\u00f3w&nbsp;pochowana jest w ewangelickiej cz\u0119\u015bci cmentarza przy ulicy&nbsp;Lipowej.<\/p>\n\n\n\n<div class=\"wp-block-columns is-layout-flex wp-container-core-columns-is-layout-28f84493 wp-block-columns-is-layout-flex\">\n<div class=\"wp-block-column is-layout-flow wp-block-column-is-layout-flow\" style=\"flex-basis:66.66%\">\n<figure class=\"wp-block-image aligncenter size-large is-resized\"><img fetchpriority=\"high\" decoding=\"async\" src=\"https:\/\/przewodnikpolublinie.files.wordpress.com\/2022\/05\/img_3251-2.jpg?w=1024\" alt=\"\" class=\"wp-image-616\" width=\"586\" height=\"390\"\/><figcaption class=\"wp-element-caption\">Browar i destylarnia Vetter\u00f3w. Obecnie w tym miejscu znajduje si\u0119 Browar Per\u0142a<\/figcaption><\/figure>\n<\/div>\n\n\n\n<div class=\"wp-block-column is-layout-flow wp-block-column-is-layout-flow\" style=\"flex-basis:33.33%\">\n<figure class=\"wp-block-image aligncenter size-large is-resized\"><img decoding=\"async\" src=\"https:\/\/przewodnikpolublinie.files.wordpress.com\/2022\/05\/img_3220-3.jpg?w=683\" alt=\"\" class=\"wp-image-617\" width=\"266\" height=\"395\"\/><figcaption class=\"wp-element-caption\">Zesp\u00f3\u0142 Szk\u00f3\u0142 im. Augusta i Juliusza Vetter\u00f3w<\/figcaption><\/figure>\n<\/div>\n<\/div>\n\n\n\n<hr class=\"wp-block-separator has-alpha-channel-opacity\"\/>\n\n\n\n<p class=\"has-medium-font-size\"><strong>Henryk Wieniawski<\/strong><\/p>\n\n\n\n<p>Henryk Wieniawski urodzi\u0142 si\u0119 10 lipca 1835 roku w Lublinie. By\u0142 wirtuozem skrzypiec oraz kompozytorem. Swoj\u0105 edukacj\u0119 muzyczn\u0105 rozpocz\u0105\u0142 ju\u017c jako ma\u0142y ch\u0142opiec, pocz\u0105tkowo pomaga\u0142a mu w tym jego matka. Z biegiem czasu postanowi\u0142 zacz\u0105\u0107 studia w Konserwatorium Paryskim. Ju\u017c za dziecka by\u0142 rozpoznawalny wraz z bratem J\u00f3zefem, z kt\u00f3rym wyst\u0119powa\u0142 w ca\u0142ym Imperium Rosyjskim, a tak\u017ce w wielu krajach europejskich. Na jego cze\u015b\u0107 w Lublinie przy ulicy Marii Curie-Sk\u0142odowskiej 5 w 1978 roku z inicjatywy Towarzystwa Muzycznego w Lublinie powsta\u0142 jego pomnik,&nbsp;kt\u00f3rego&nbsp;autorem by\u0142 Janusz&nbsp;Pastwa.<\/p>\n\n\n\n<figure class=\"wp-block-image aligncenter size-large is-resized\"><img decoding=\"async\" src=\"https:\/\/przewodnikpolublinie.files.wordpress.com\/2022\/05\/img_3700.jpg?w=683\" alt=\"\" class=\"wp-image-728\" width=\"458\" height=\"687\"\/><figcaption class=\"wp-element-caption\">Pomnik Henryka Wieniawskiego, na tle filharmonii jego imienia<\/figcaption><\/figure>\n\n\n\n<hr class=\"wp-block-separator has-alpha-channel-opacity\"\/>\n\n\n\n<p class=\"has-medium-font-size\"><strong>Hieronim \u0141opaci\u0144ski<\/strong><\/p>\n\n\n\n<p>Hieronim Rafa\u0142 \u0141opaci\u0144ski urodzi\u0142 si\u0119 30 wrze\u015bnia 1860 roku w O\u015bnie G\u00f3rnym. By\u0142 j\u0119zykoznawc\u0105, etnografem oraz historykiem Lublina. Nale\u017ca\u0142 jako cz\u0142onek do Komisji J\u0119zykowej Akademii Umiej\u0119tno\u015bci w Krakowie. W 1884 roku trafi\u0142 do Lublina i rozpocz\u0105\u0142 prac\u0119 w gimnazjum. G\u0142\u00f3wnie zajmowa\u0142 si\u0119 gwarami i obrz\u0119dami ludowymi, bibliologi\u0105 oraz histori\u0105 Lublina. \u0141opaci\u0144ski przyczyni\u0142 si\u0119 do powstania Muzeum Ludowego oraz Biblioteki Publicznej w Lublinie. Zgina\u0142 24 sierpnia 1906 roku w nieszcz\u0119\u015bliwym wypadku drogowym. <\/p>\n\n\n\n<p>Pocz\u0105tki biblioteki si\u0119gaj\u0105 a\u017c 1907 roku. W uznaniu jego zas\u0142ug powo\u0142ano Towarzystwo Biblioteki&nbsp;Publicznej, kt\u00f3remu&nbsp;nadano jego imi\u0119. Hieronim po \u015bmierci pozostawi\u0142 ponad 11 tysi\u0119cy tom\u00f3w ksi\u0105\u017cek, rycin,&nbsp;r\u0119kopis\u00f3w, a tak\u017ce&nbsp;atlas\u00f3w, kt\u00f3re wykupiono i umieszczono w nowo powsta\u0142ej bibliotece. Obecnie posiada ona ksi\u0119gozbi\u00f3r licz\u0105cy a\u017c 480 tysi\u0119cy egzemplarzy i mie\u015bci si\u0119 przy ulicy Narutowicza 4.<\/p>\n\n\n\n<figure class=\"wp-block-image aligncenter size-large is-resized\"><img loading=\"lazy\" decoding=\"async\" src=\"https:\/\/przewodnikpolublinie.files.wordpress.com\/2022\/05\/img_3719-2.jpg?w=1024\" alt=\"\" class=\"wp-image-730\" width=\"715\" height=\"476\"\/><figcaption class=\"wp-element-caption\">Budynek Biblioteki Publicznej im. Hieronima \u0141opaci\u0144skiego<\/figcaption><\/figure>\n\n\n\n<hr class=\"wp-block-separator has-alpha-channel-opacity\"\/>\n\n\n\n<p class=\"has-medium-font-size\"><strong>Wincenty Pol<\/strong><\/p>\n\n\n\n<p>Wincenty&nbsp;Pol&nbsp;urodzi\u0142 si\u0119 w 1807 roku w domu przy ulicy Grodzkiej 7. Mieszka\u0142 w nim a\u017c do wyjazdu rodziny w 1812 roku.&nbsp;Pol&nbsp;z pochodzenia nie by\u0142&nbsp;Polakiem, ale&nbsp;mimo to by\u0142 wielkim patriot\u0105. Bra\u0142 udzia\u0142 we wszelkiego rodzaju powstaniach i w uznaniu zas\u0142ug na polu walki zosta\u0142 odznaczony Orderem Virtuti Militari. Jest on znany ze swojej tw\u00f3rczo\u015bci literackiej, w szczeg\u00f3lno\u015bci z romantycznej poezji i prozy. W swoich pracach inspirowa\u0142 si\u0119 Wolfgangiem Goethem,&nbsp;Friedriechem&nbsp;Schillerem, G. G. Byronem oraz Mickiewiczem. W 1849 r. zosta\u0142 mianowany profesorem nadzwyczajnym \u201egeografii powszechnej, fizycznej i por\u00f3wnawczej\u201d na Uniwersytecie Jagiello\u0144skim, gdzie obj\u0105\u0142 pierwsz\u0105 w Polsce, a drug\u0105 na \u015bwiecie (po berli\u0144skiej) katedr\u0119 geografii.<\/p>\n\n\n\n<div class=\"wp-block-columns is-layout-flex wp-container-core-columns-is-layout-28f84493 wp-block-columns-is-layout-flex\">\n<div class=\"wp-block-column is-layout-flow wp-block-column-is-layout-flow\" style=\"flex-basis:33.33%\">\n<figure class=\"wp-block-image aligncenter size-large is-resized\"><img loading=\"lazy\" decoding=\"async\" src=\"https:\/\/przewodnikpolublinie.files.wordpress.com\/2022\/05\/img_9498.jpg?w=683\" alt=\"\" class=\"wp-image-732\" width=\"331\" height=\"495\"\/><figcaption class=\"wp-element-caption\">Miejsce urodzenia si\u0119 Wincentego Pola &#8211; kamienica przy ulicy Grodzkiej 7<\/figcaption><\/figure>\n<\/div>\n\n\n\n<div class=\"wp-block-column is-layout-flow wp-block-column-is-layout-flow\" style=\"flex-basis:66.66%\">\n<figure class=\"wp-block-image aligncenter size-large\"><img decoding=\"async\" src=\"https:\/\/przewodnikpolublinie.files.wordpress.com\/2022\/05\/img_3564-1.jpg?w=1024\" alt=\"\" class=\"wp-image-733\"\/><figcaption class=\"wp-element-caption\">Dworek przy ul. Kalinowszczyzna, w kt\u00f3rym obecnie znajduje si\u0119 muzeum artysty. Co ciekawe budynek w XX wieku zosta\u0142 rozebrany na cz\u0119\u015bci i przeniesiony na Kalin\u0119 z okolic Lubelskiej Fabryki Wag<\/figcaption><\/figure>\n<\/div>\n<\/div>\n\n\n\n<hr class=\"wp-block-separator has-alpha-channel-opacity\"\/>\n\n\n\n<p class=\"has-medium-font-size\"><strong>Jan Kochanowski<\/strong><\/p>\n\n\n\n<p>Jan Kochanowski, czyli najwybitniejszy polski poeta okresu renesansu wielokrotnie odwiedza\u0142 Lublin. Dzi\u0119ki wstawiennictwu biskupa Filipa&nbsp;Padniewskiego&nbsp;zosta\u0142 on jednym z sekretarzy kr\u00f3lewskich na dworze kr\u00f3la Zygmunta II Augusta. Bra\u0142 udzia\u0142, w przygotowaniach oraz obradach sejmu lubelskiego, na kt\u00f3rym zawarto uni\u0119 polsko-litewsk\u0105. Kochanowski by\u0142 tak\u017ce zwi\u0105zany z dworem Jana Firleja, wojewody lubelskiego, kt\u00f3rego rodzinie po\u015bwi\u0119ci\u0142 wiele poemat\u00f3w. Zmar\u0142 w Lublinie 22 sierpnia 1594 roku. Na jego cze\u015b\u0107 stworzono pomnik znajduj\u0105cy si\u0119 na skwerze tu\u017c obok ko\u015bcio\u0142a pw. Wniebowzi\u0119cia NMP Zwyci\u0119skiej. Pomnik zosta\u0142 ufundowany z okazji 400-lecia urodzin Jana Kochanowskiego. Podczas II wojny \u015bwiatowej zosta\u0142 ukryty przez mieszka\u0144c\u00f3w, z powodu nakazu jego zniszczenia.<\/p>\n\n\n\n<figure class=\"wp-block-image aligncenter size-large is-resized\"><img loading=\"lazy\" decoding=\"async\" src=\"https:\/\/przewodnikpolublinie.files.wordpress.com\/2022\/05\/img_3736.jpg?w=683\" alt=\"\" class=\"wp-image-736\" width=\"373\" height=\"559\"\/><figcaption class=\"wp-element-caption\">Pomnik Jana Kochanowskiego przy ul. Prezydenta Gabriela Narutowicza<\/figcaption><\/figure>\n\n\n\n<hr class=\"wp-block-separator has-alpha-channel-opacity\"\/>\n\n\n\n<p class=\"has-medium-font-size\"><strong>J\u00f3zef Czechowicz<\/strong><\/p>\n\n\n\n<p>J\u00f3zef Czechowicz urodzi\u0142 si\u0119 15 marca 1903 w Lublinie. Przez wielu okre\u015blany jest jako jeden z najbardziej oryginalnych poet\u00f3w swojego okresu. Jego wiersze ukazywa\u0142y obraz sielankowej wsi i prowincji. Poeta w swojej tw\u00f3rczo\u015bci inspirowa\u0142 si\u0119 folklorem. W poezji Czechowicza mo\u017cna by\u0142o tak\u017ce spotka\u0107 wszelkiego rodzaju katastroficzne wizje. Posta\u0107 poety zajmuje wyj\u0105tkowe miejsce w historii miasta, poniewa\u017c urodzi\u0142 si\u0119 w nim i tragicznie zgin\u0105\u0142 podczas bombardowa\u0144 9 wrze\u015bnia 1939 roku. Na jego cze\u015b\u0107 przy ulicy Z\u0142otej 3 powsta\u0142o Muzeum Literackie jego imienia. Doczeka\u0142 si\u0119 r\u00f3wnie\u017c swojego pomniku oraz placu. Mie\u015bci si\u0119 on mi\u0119dzy budynkiem Poczty G\u0142\u00f3wnej&nbsp;a&nbsp;klasztorem Kapucyn\u00f3w, poniewa\u017c by\u0142o to miejsce,&nbsp;gdzie poeta zgin\u0105\u0142. Pomnik zosta\u0142 ods\u0142oni\u0119ty w 30 rocznic\u0119 tragicznej \u015bmierci poety.<\/p>\n\n\n\n<div class=\"wp-block-columns is-layout-flex wp-container-core-columns-is-layout-28f84493 wp-block-columns-is-layout-flex\">\n<div class=\"wp-block-column is-layout-flow wp-block-column-is-layout-flow\">\n<figure class=\"wp-block-image aligncenter size-large is-resized\"><img loading=\"lazy\" decoding=\"async\" src=\"https:\/\/przewodnikpolublinie.files.wordpress.com\/2022\/05\/img_9480.jpg?w=683\" alt=\"\" class=\"wp-image-741\" width=\"465\" height=\"697\"\/><figcaption class=\"wp-element-caption\">Pomnik J\u00f3zefa Czechowicza<\/figcaption><\/figure>\n<\/div>\n\n\n\n<div class=\"wp-block-column is-layout-flow wp-block-column-is-layout-flow\">\n<figure class=\"wp-block-image aligncenter size-large is-resized\"><img loading=\"lazy\" decoding=\"async\" src=\"https:\/\/przewodnikpolublinie.files.wordpress.com\/2022\/05\/img_0775.jpg?w=683\" alt=\"\" class=\"wp-image-740\" width=\"466\" height=\"699\"\/><figcaption class=\"wp-element-caption\">Muzeum Literackie im. J\u00f3zefa Czechowicza<\/figcaption><\/figure>\n<\/div>\n<\/div>\n\n\n\n<hr class=\"wp-block-separator has-alpha-channel-opacity\"\/>\n\n\n\n<p class=\"has-medium-font-size\"><strong>Maria Sk\u0142odowska-Curie<\/strong><\/p>\n\n\n\n<p>Maria Sk\u0142odowska-Curie urodzi\u0142a si\u0119 7 listopada 1867 roku w Warszawie. By\u0142a polsk\u0105 uczon\u0105 zajmuj\u0105c\u0105 si\u0119 fizyk\u0105 oraz chemi\u0105. W 1891 roku Maria wyjecha\u0142a z Polski a\u017c do Pary\u017ca, w celu podj\u0119cia studi\u00f3w na Sorbonie, poniewa\u017c w XIX wieku na ziemiach Kr\u00f3lestwa Polskiego kobiety nie mog\u0142y studiowa\u0107. By\u0142a prekursork\u0105 radiochemii, rozwin\u0119\u0142a teori\u0119 promieniotw\u00f3rczo\u015bci, a tak\u017ce z jej inicjatywy prowadzono badania nad leczeniem raka za pomoc\u0105 promieniotw\u00f3rczo\u015bci. Na pocz\u0105tku XX wieku w 1903 roku, po raz pierwszy zosta\u0142a wyr\u00f3\u017cniona Nagrod\u0105 Nobla, wraz z m\u0119\u017cem Piotrem, za badania nad promieniotw\u00f3rczo\u015bci\u0105. Kolejny raz zosta\u0142a j\u0105 nagrodzona w 1911 roku, tym razem za odkrycie dw\u00f3ch nowych pierwiastk\u00f3w radu i polonu. Jest jedyn\u0105 kobiet\u0105 i jedyn\u0105 uczon\u0105, kt\u00f3ra otrzyma\u0142a Nobla w dw\u00f3ch r\u00f3\u017cnych dziedzinach nauk przyrodniczych. Zmar\u0142a 4 lipca 1934 roku, z powodu nadmiernego przebywania w \u015brodowisku z nadmiernym promieniowaniem.<\/p>\n\n\n\n<figure class=\"wp-block-image aligncenter size-large is-resized\"><img loading=\"lazy\" decoding=\"async\" src=\"https:\/\/przewodnikpolublinie.files.wordpress.com\/2022\/05\/img_3656.jpg?w=1024\" alt=\"\" class=\"wp-image-743\" width=\"556\" height=\"370\"\/><figcaption class=\"wp-element-caption\">Pomnik Marii Sk\u0142odowskiej-Curie znajduj\u0105cy si\u0119 na placu przy UMCSie<\/figcaption><\/figure>\n\n\n\n<figure class=\"wp-block-image aligncenter size-large is-resized\"><img loading=\"lazy\" decoding=\"async\" src=\"https:\/\/przewodnikpolublinie.files.wordpress.com\/2022\/05\/img_3426-1.jpg?w=683\" alt=\"\" class=\"wp-image-745\" width=\"448\" height=\"671\"\/><figcaption class=\"wp-element-caption\">Budynek V Liceum Og\u00f3lnokszta\u0142c\u0105cego im. Marii Sk\u0142odowskiej-Curie<\/figcaption><\/figure>\n\n\n\n<hr class=\"wp-block-separator has-alpha-channel-opacity\"\/>\n\n\n\n<p class=\"has-medium-font-size\">Aleksander Zelwerowicz<\/p>\n\n\n\n<p>Aleksander Zelwerowicz urodzi\u0142 si\u0119 14 sierpnia 1877 roku w kamienicy przy rynku na Starym Mie\u015bcie. Jest uwa\u017cany za jednego z najwybitniejszych polskich aktor\u00f3w i re\u017cyser\u00f3w w historii. Uko\u0144czy\u0142 Klas\u0119 Dykcji i Deklamacji oraz Szko\u0142\u0119 Handlow\u0105&nbsp;Kronenberga&nbsp;w Warszawie. W m\u0142odo\u015bci jako amator zadebiutowa\u0142 w Komedii omy\u0142ek Szekspira w teatrze ogr\u00f3dkowym. Po rocznym pobycie oraz studiach w Genewie w 1899 roku znalaz\u0142 si\u0119 w \u0141odzi, w zespole Micha\u0142a Wo\u0142owskiego. Prowadzi\u0142 tutaj sta\u0142\u0105 scen\u0119 teatraln\u0105&nbsp;\u201cVictoria\u201d. Mo\u017cna powiedzie\u0107, \u017ce by\u0142 to pierwszy w pe\u0142ni zawodowy debiut aktorski Aleksandra Zelwerowicza. Wraz z nabraniem do\u015bwiadczenia aktor rozszerzy\u0142 sw\u00f3j repertuar o role dramatyczne, nasycone ironi\u0105 i sarkazmem. Jego najbardziej ceniony okres tw\u00f3rczo\u015bci teatralnej przypada na lata 1920\/1921, kiedy by\u0142 dyrektorem Teatru Miejskiego w \u0141odzi. Zmar\u0142 18 czerwca 1955 roku w&nbsp;Warszawie.<\/p>\n\n\n\n<div class=\"wp-block-columns is-layout-flex wp-container-core-columns-is-layout-28f84493 wp-block-columns-is-layout-flex\">\n<div class=\"wp-block-column is-layout-flow wp-block-column-is-layout-flow\">\n<figure class=\"wp-block-image aligncenter size-large is-resized\"><img loading=\"lazy\" decoding=\"async\" src=\"https:\/\/przewodnikpolublinie.files.wordpress.com\/2022\/05\/img_9491.jpg?w=683\" alt=\"\" class=\"wp-image-748\" width=\"411\" height=\"615\"\/><figcaption class=\"wp-element-caption\">Kamienica przy Rynek 3, w kt\u00f3rej urodzi\u0142 si\u0119 Aleksander Zelwerowicz<\/figcaption><\/figure>\n<\/div>\n\n\n\n<div class=\"wp-block-column is-layout-flow wp-block-column-is-layout-flow\">\n<figure class=\"wp-block-image aligncenter size-large is-resized\"><img loading=\"lazy\" decoding=\"async\" src=\"https:\/\/przewodnikpolublinie.files.wordpress.com\/2022\/05\/img_9492.jpg?w=683\" alt=\"\" class=\"wp-image-749\" width=\"416\" height=\"621\"\/><figcaption class=\"wp-element-caption\">Tablica upami\u0119tniaj\u0105ca to wydarzenie<\/figcaption><\/figure>\n<\/div>\n<\/div>\n\n\n\n<hr class=\"wp-block-separator has-alpha-channel-opacity\"\/>\n\n\n\n<p class=\"has-medium-font-size\">Sebastian Klonowic<\/p>\n\n\n\n<p>Sebastian Fabian Klonowic urodzi\u0142 si\u0119 1545 roku w Sulmierzycach. By\u0142 to polski poeta, kompozytor, a tak\u017ce wyk\u0142adowca na Akademii Zamojskiej. Sebastian ca\u0142e swoje doros\u0142e \u017cycie w kr\u0119gu wyznaczonym przez trzy miasta: Lublin, Lw\u00f3w i Zamo\u015b\u0107. Oko\u0142o 1573 roku Sebastian osiedli\u0142 si\u0119 w Lublinie i rozpocz\u0105\u0142 w nim karier\u0119 urz\u0119dnicz\u0105 w kancelarii miejskiej. Tw\u00f3rczo\u015b\u0107 Klonowica stoi na pograniczu dw\u00f3ch epok literackich \u2013 renesansu i baroku. Zaliczany jest do nurtu poezji mieszcza\u0144skiej ze wzgl\u0119du na pochodzenie, a tak\u017ce do\u015bwiadczenia \u017cyciowe. Zadebiutowa\u0142 t\u0142umaczeniem \u0142aci\u0144skiego dzie\u0142a Klemensa Janickiego, kt\u00f3re wydano w 1576 roku. Z inspiracji&nbsp;Jana Zamoyskiego w 1895 roku zosta\u0142 mianowany na kierownika szko\u0142y w Zamo\u015bciu. Zmar\u0142 29 sierpnia 1602 roku w szpitalu \u015bw. \u0141azarza w Lublinie.<\/p>\n\n\n\n<figure class=\"wp-block-image aligncenter size-large is-resized\"><img loading=\"lazy\" decoding=\"async\" src=\"https:\/\/przewodnikpolublinie.files.wordpress.com\/2022\/05\/img_9490.jpg?w=1024\" alt=\"\" class=\"wp-image-751\" width=\"667\" height=\"444\"\/><figcaption class=\"wp-element-caption\">Dom Sebastiana Klonowica przy Rynek 2<\/figcaption><\/figure>\n\n\n\n<hr class=\"wp-block-separator has-alpha-channel-opacity\"\/>\n\n\n\n<p class=\"has-medium-font-size\">Romuald Lipko<\/p>\n\n\n\n<p>Romuald Lipko urodzi\u0142 si\u0119 3 kwietnia 1950 roku w Lublinie. By\u0142 polskim kompozytorem I multiinstrumentalist\u0105. Uko\u0144czy\u0142 podstawow\u0105 szko\u0142\u0119 muzyczn\u0105, natomiast z liceum muzycznego zosta\u0142 wydalony za udzia\u0142 w programie telewizyjnym. Wraz z Andrzejem Szczodorowskim w 1966 roku za\u0142o\u017cy\u0142 zesp\u00f3\u0142 TRAMP, kt\u00f3ry dzia\u0142a przy Domu Kultury WSK w \u015awidniku. Nast\u0119pnym etapem w jego \u017cyciu by\u0142o za\u0142o\u017cenie zespo\u0142u Budka Suflera w 1974 roku oraz przej\u0119cie roli lidera 4 lata p\u00f3\u017aniej, po odej\u015bciu Krzysztofa Cugowskiego. Sukcesem muzycznym by\u0142 wyst\u0119p w nowojorskiej Carnegie Hall. Zmar\u0142 6 lutego 2020 roku w Lublinie, po ponad p\u00f3\u0142rocznej walce z chorob\u0105.<\/p>\n\n\n\n<figure class=\"wp-block-image aligncenter size-large is-resized\"><img loading=\"lazy\" decoding=\"async\" src=\"https:\/\/przewodnikpolublinie.files.wordpress.com\/2022\/05\/20220427140239_img_1109-1.jpg?w=1024\" alt=\"\" class=\"wp-image-752\" width=\"650\" height=\"433\"\/><figcaption class=\"wp-element-caption\">Muszla koncertowa im. Romualda Lipko, znajduj\u0105ca si\u0119 w Ogrodzie Saskim<\/figcaption><\/figure>\n\n\n\n<hr class=\"wp-block-separator has-alpha-channel-opacity\"\/>\n\n\n\n<p class=\"has-medium-font-size\"><strong>Beata Kozidrak<\/strong><\/p>\n\n\n\n<p>Beata Kozidrak urodzi\u0142a si\u0119 4 maja 1960 roku w Lublinie. Jest polsk\u0105 piosenkark\u0105, autork\u0105 tekst\u00f3w i kompozytork\u0105. Swoj\u0105 dzia\u0142alno\u015b\u0107 muzyczn\u0105 rozpocz\u0119\u0142a ju\u017c w latach 70 od amatorskich wyst\u0119p\u00f3w z bratem Jaros\u0142awem, z kt\u00f3rym w 1978 roku za\u0142o\u017cyli zesp\u00f3\u0142 Bajm. Po kilku wygranych lokalnych przegl\u0105dach wyst\u0105pili z utworem \u201ePiechot\u0105 do lata\u201d w konkursie \u201eDebiut\u00f3w\u201d w ramach 16. Krajowego Festiwalu Piosenki w Opolu, po kt\u00f3rym rozpocz\u0119li og\u00f3lnokrajow\u0105 karier\u0119. W tym okresie odrzuci\u0142a propozycj\u0119 zostania ch\u00f3rzystk\u0105 Maryli Rodowicz, jednocze\u015bnie po uko\u0144czeniu liceum nie kontynuowa\u0142a nauki, wol\u0105c skupi\u0107 si\u0119 na dzia\u0142alno\u015bci scenicznej. R\u00f3wnorz\u0119dnie z graniem w zespole kontynuowa\u0142a dzia\u0142alno\u015b\u0107 solow\u0105. W 1989 nagra\u0142a piosenk\u0119 \u201eHurry My Love\u201d, za kt\u00f3r\u0105 otrzyma\u0142a Grand Prix na <em>Midnight Sun Song Festival<\/em> w Lahti. Na pocz\u0105tku wrze\u015bnia 2021 zosta\u0142a zatrzymana przez policj\u0119 podczas prowadzenia pojazdu pod wp\u0142ywem alkoholu. 29 pa\u017adziernika zosta\u0142a skazana na sze\u015b\u0107 miesi\u0119cy prac spo\u0142ecznych, zakaz prowadzenia samochodu przez 5 lat i 10 tys. z\u0142 grzywny. Sytuacja zosta\u0142a uznana za jeden z najwi\u0119kszych kryzys\u00f3w biznesowych w polskich mediach w 2021.<\/p>\n\n\n\n<figure class=\"wp-block-image aligncenter size-large is-resized\"><img loading=\"lazy\" decoding=\"async\" src=\"https:\/\/przewodnikpolublinie.files.wordpress.com\/2022\/05\/img_3715-1.jpg?w=683\" alt=\"\" class=\"wp-image-754\" width=\"442\" height=\"662\"\/><figcaption class=\"wp-element-caption\">Mural Beaty Kozidrak na budynku Astorii przy skrzy\u017cowaniu ul. Lipowej i al. Rac\u0142awickich<\/figcaption><\/figure>\n\n\n\n<hr class=\"wp-block-separator has-alpha-channel-opacity\"\/>\n\n\n\n<div style=\"height:25px\" aria-hidden=\"true\" class=\"wp-block-spacer\"><\/div>\n\n\n\n<div class=\"wp-block-buttons is-content-justification-center is-layout-flex wp-container-core-buttons-is-layout-a89b3969 wp-block-buttons-is-layout-flex\">\n<div class=\"wp-block-button\"><a class=\"wp-block-button__link wp-element-button\" href=\"http:\/\/wycieczka.osobista.pl\/index.php\/przewodnik-po-lublinie\/\">Powr\u00f3t do strony g\u0142\u00f3wnej<\/a><\/div>\n<\/div>\n","protected":false},"excerpt":{"rendered":"<p>#\u015aLADAMI ZNANYCH LUBLINIAN August i Juliusz Vetterowie Przy ulicy Bernardy\u0144skiej mie\u015bci si\u0119 charakterystyczny budynek. Jest to Zesp\u00f3\u0142 Szk\u00f3\u0142 im. Augusta i Juliusza&nbsp;Vetter\u00f3w. Budynek zosta\u0142 wybudowany w latach 1904-1906 w stylu neogotyckim. Pocz\u0105tkowo by\u0142a to siedziba Szko\u0142y Handlowej Zgromadzenia Kupc\u00f3w Miasta Lublina. Budowa zosta\u0142a sfinansowana przez miejscowych kupc\u00f3w oraz przemys\u0142owc\u00f3w, na czele z bra\u0107mi Augustem i [&hellip;]<\/p>\n","protected":false},"author":3,"featured_media":0,"parent":614,"menu_order":0,"comment_status":"closed","ping_status":"closed","template":"","meta":{"site-sidebar-layout":"default","site-content-layout":"","ast-site-content-layout":"","site-content-style":"default","site-sidebar-style":"default","ast-global-header-display":"","ast-banner-title-visibility":"","ast-main-header-display":"","ast-hfb-above-header-display":"","ast-hfb-below-header-display":"","ast-hfb-mobile-header-display":"","site-post-title":"disabled","ast-breadcrumbs-content":"","ast-featured-img":"","footer-sml-layout":"","theme-transparent-header-meta":"","adv-header-id-meta":"","stick-header-meta":"","header-above-stick-meta":"","header-main-stick-meta":"","header-below-stick-meta":"","astra-migrate-meta-layouts":"default","ast-page-background-enabled":"default","ast-page-background-meta":{"desktop":{"background-color":"","background-image":"","background-repeat":"repeat","background-position":"center center","background-size":"auto","background-attachment":"scroll","background-type":"","background-media":"","overlay-type":"","overlay-color":"","overlay-gradient":""},"tablet":{"background-color":"","background-image":"","background-repeat":"repeat","background-position":"center center","background-size":"auto","background-attachment":"scroll","background-type":"","background-media":"","overlay-type":"","overlay-color":"","overlay-gradient":""},"mobile":{"background-color":"","background-image":"","background-repeat":"repeat","background-position":"center center","background-size":"auto","background-attachment":"scroll","background-type":"","background-media":"","overlay-type":"","overlay-color":"","overlay-gradient":""}},"ast-content-background-meta":{"desktop":{"background-color":"var(--ast-global-color-5)","background-image":"","background-repeat":"repeat","background-position":"center center","background-size":"auto","background-attachment":"scroll","background-type":"","background-media":"","overlay-type":"","overlay-color":"","overlay-gradient":""},"tablet":{"background-color":"var(--ast-global-color-5)","background-image":"","background-repeat":"repeat","background-position":"center center","background-size":"auto","background-attachment":"scroll","background-type":"","background-media":"","overlay-type":"","overlay-color":"","overlay-gradient":""},"mobile":{"background-color":"var(--ast-global-color-5)","background-image":"","background-repeat":"repeat","background-position":"center center","background-size":"auto","background-attachment":"scroll","background-type":"","background-media":"","overlay-type":"","overlay-color":"","overlay-gradient":""}},"footnotes":""},"class_list":["post-406","page","type-page","status-publish","hentry"],"_links":{"self":[{"href":"http:\/\/wycieczka.osobista.pl\/index.php\/wp-json\/wp\/v2\/pages\/406","targetHints":{"allow":["GET"]}}],"collection":[{"href":"http:\/\/wycieczka.osobista.pl\/index.php\/wp-json\/wp\/v2\/pages"}],"about":[{"href":"http:\/\/wycieczka.osobista.pl\/index.php\/wp-json\/wp\/v2\/types\/page"}],"author":[{"embeddable":true,"href":"http:\/\/wycieczka.osobista.pl\/index.php\/wp-json\/wp\/v2\/users\/3"}],"replies":[{"embeddable":true,"href":"http:\/\/wycieczka.osobista.pl\/index.php\/wp-json\/wp\/v2\/comments?post=406"}],"version-history":[{"count":8,"href":"http:\/\/wycieczka.osobista.pl\/index.php\/wp-json\/wp\/v2\/pages\/406\/revisions"}],"predecessor-version":[{"id":707,"href":"http:\/\/wycieczka.osobista.pl\/index.php\/wp-json\/wp\/v2\/pages\/406\/revisions\/707"}],"up":[{"embeddable":true,"href":"http:\/\/wycieczka.osobista.pl\/index.php\/wp-json\/wp\/v2\/pages\/614"}],"wp:attachment":[{"href":"http:\/\/wycieczka.osobista.pl\/index.php\/wp-json\/wp\/v2\/media?parent=406"}],"curies":[{"name":"wp","href":"https:\/\/api.w.org\/{rel}","templated":true}]}}